{"id":36714,"date":"2022-04-01T14:21:48","date_gmt":"2022-04-01T14:21:48","guid":{"rendered":"https:\/\/www.realpetpax.com.br\/site\/?page_id=36714"},"modified":"2022-04-01T14:21:48","modified_gmt":"2022-04-01T14:21:48","slug":"politica-de-privacidade-real-pet","status":"publish","type":"page","link":"https:\/\/www.realpetpax.com.br\/site\/index.php\/politica-de-privacidade-real-pet\/","title":{"rendered":"Pol\u00edtica de Privacidade Real Pet"},"content":{"rendered":"<p>A <strong>Pol\u00edtica de Privacidade da REAL PET PAX<\/strong> foi feita para afirmar o compromisso com a privacidade dos dados e das informa\u00e7\u00f5es dos usu\u00e1rios do site <a href=\"http:\/\/www.realpetpax.com.br\">www.realpetpax.com.br<\/a>.<\/p>\n<p>Esta Pol\u00edtica tem como objetivo informar ao usu\u00e1rio quais dados e informa\u00e7\u00f5es s\u00e3o coletadas, como elas s\u00e3o tratadas, como s\u00e3o compartilhadas e s\u00e3o exclu\u00eddas.<\/p>\n<p>A <strong>Pol\u00edtica de Privacidade<\/strong> \u00e9 aplic\u00e1vel ao portal <a href=\"http:\/\/www.realpetpax.com.br\">www.realpetpax.com.br<\/a> e\/ou aplicativo e a todos os demais sites e\/ou aplicativos <strong>REAL PET PAX<\/strong><\/p>\n<p>Caso reste alguma d\u00favida, ap\u00f3s leitura desta Pol\u00edtica de Privacidade, entre em contato conosco atrav\u00e9s do e-mail <a href=\"mailto:atendimentosite@realpetpax.com.br\">atendimentosite@realpetpax.com.br<\/a><\/p>\n<p><strong>QUAIS INFORMAN\u00c7\u00d5ES COLETAMOS<\/strong><\/p>\n<p>Para os fins desta Pol\u00edtica, aplicam-se as seguintes defini\u00e7\u00f5es:<br \/>\nA REAL PET PAX coleta informa\u00e7\u00f5es inseridas pelo usu\u00e1rio quando de sua utiliza\u00e7\u00e3o nos sites. Por exemplo, no preenchimento de formul\u00e1rios que disponibilizamos, e, tamb\u00e9m na realiza\u00e7\u00e3o de cadastros. Em s\u00edntese, s\u00e3o todas informa\u00e7\u00f5es ativamente disponibilizadas pelo usu\u00e1rio no acesso aos sites REAL PET PAX<\/p>\n<p>A <strong>REAL PET PAX<\/strong> coleta automaticamente, quando o usu\u00e1rio acessa os sites, informa\u00e7\u00f5es como caracter\u00edsticas do dispositivo, Protocolo de Internet (IP, com data e hora), origem do IP. A REAL PET PAX tamb\u00e9m pode utilizar de cookies para coletar informa\u00e7\u00f5es do usu\u00e1rio para melhorar sua experi\u00eancia de navega\u00e7\u00e3o.<\/p>\n<p>\u00c9 disponibilizado ao usu\u00e1rio a op\u00e7\u00e3o de bloquear a coleta de alguns tipos de informa\u00e7\u00f5es, tais como cookies. Caso o usu\u00e1rio opte por bloque\u00e1-los, \u00e9 poss\u00edvel que alguns recursos do site n\u00e3o funcionem corretamente.<\/p>\n<p><strong>COMO UTILZAMOS AS INFORMA\u00c7\u00d5ES COLETADAS<\/strong><\/p>\n<p>As informa\u00e7\u00f5es coletadas pela <strong>REAL PET PAX<\/strong> ser\u00e3o utilizadas para:<\/p>\n<p>\u2022 O fornecimento de produtos ou servi\u00e7os selecionados no site;<br \/>\n\u2022 Facilitar a identifica\u00e7\u00e3o do perfil e necessidades do usu\u00e1rio, para aprimorar a oferta de produtos\/servi\u00e7os<br \/>\n\u2022 Enviar informativos sobre produtos e\/ou servi\u00e7os de interesse aos usu\u00e1rios;<br \/>\n\u2022 Divulgar altera\u00e7\u00f5es, inova\u00e7\u00f5es ou promo\u00e7\u00f5es sobre os produtos e servi\u00e7os da REAL PET PAX e de seus parceiros.<\/p>\n<p>Caso n\u00e3o deseje mais receber informativos publicit\u00e1rios, envie um e-mail para <a href=\"mailto:atendimentosite@realpetpax.com.br\">atendimentosite@realpetpax.com.br<\/a><\/p>\n<p><strong>COMO ARMAZENAMOS AS INFORMA\u00c7\u00d5ES COLETADAS<\/strong><\/p>\n<p>As informa\u00e7\u00f5es coletadas s\u00e3o tratadas como sigilosas, e qualquer colaborador ou prestador de servi\u00e7o da REAL PET PAX que entre em contato com elas dever\u00e1 manter o sigilo, bem como n\u00e3o as usar de modo conflitante do previsto nessa Pol\u00edtica de Privacidade<\/p>\n<p>A <strong>REAL PET PAX<\/strong> emprega todos os esfor\u00e7os a garantir a seguran\u00e7a e privacidade de seus sistemas e o armazenamento dos dados de seus clientes. Para que tudo isso se torne vi\u00e1vel, tomamos precau\u00e7\u00f5es, tais como:<\/p>\n<p>\u2022 Utilizamos os m\u00e9todos de criptografia e seguran\u00e7a mais eficazes do mercado;<br \/>\n\u2022 Possu\u00edmos software de prote\u00e7\u00e3o contra acesso n\u00e3o autorizado em nossos sistemas;<br \/>\n\u2022 Apenas pessoas previamente autorizadas podem acessar fisicamente os locais onde armazenamos as informa\u00e7\u00f5es;<br \/>\n\u2022 Aqueles que entram em contato com as informa\u00e7\u00f5es dever\u00e3o se comprometer a manter sigilo absoluto, de forma expressa. A quebra do sigilo acarretar\u00e1 responsabilidade civil e o respons\u00e1vel ser\u00e1 processado nos moldes da legisla\u00e7\u00e3o brasileira<\/p>\n<p><strong>QUANDO EXCLU\u00cdMOS AS INFORMA\u00c7\u00d5ES<\/strong><\/p>\n<p>As informa\u00e7\u00f5es coletadas pela REAL PET PAX ser\u00e3o exclu\u00eddas quando deixarem de ser \u00fateis aos prop\u00f3sitos para os quais forma coletadas ou quando solicitadas pelos seus titulares.<\/p>\n<p>Caso o dono dessas informa\u00e7\u00f5es ou dados pessoais deseje antecipar a exclus\u00e3o de seus dados ou informa\u00e7\u00f5es, basta entrar em contato por e-mail: <a href=\"mailto:atendimentosite@realpetpax.com.br\">atendimentosite@realpetpax.com.br<\/a><\/p>\n<p><strong>RESPONSABILIDADE DO USU\u00c1RIO<\/strong><\/p>\n<p>O usu\u00e1rio se declara ciente, desde j\u00e1, que \u00e9 de sua exclusiva responsabilidade:<\/p>\n<p>\u2022 Inserir apenas informa\u00e7\u00f5es verdadeiras nos sites da REAL PET PAX;<br \/>\n\u2022 Zelar pelos dados de sua identifica\u00e7\u00e3o digital individual sempre que acessar a Internet, informando-os apenas em opera\u00e7\u00f5es em que exista a prote\u00e7\u00e3o de dados;<br \/>\n\u2022 Manter em segredo sua senha de acesso, al\u00e9m de utilizar as tecnologias fornecidas pelos sites para proteger sua privacidade perante terceiros;<br \/>\n\u2022 Cumprir rigorosamente todas as determina\u00e7\u00f5es e procedimentos previstos nesta Pol\u00edtica de Privacidade.<br \/>\n<strong><br \/>\nATUALIZA\u00c7\u00c3O DESTA POL\u00cdTICA DE PRIVACIDADE<\/strong><\/p>\n<p>Reservamo-nos o direito de alterar essa Pol\u00edtica de Privacidade sempre que necess\u00e1rio, com o prop\u00f3sito de fornecer maior seguran\u00e7a e praticidade ao usu\u00e1rio. Por isso, \u00e9 importante que o usu\u00e1rio leia a Pol\u00edtica de Privacidade a cada novo acesso ao site, para facilitar a visualiza\u00e7\u00e3o. Ao final deste documento, informamos a data da \u00faltima atualiza\u00e7\u00e3o.<\/p>\n<p><strong>LEGISLA\u00c7\u00c3O E FORO COMPETENTE<\/strong><\/p>\n<p>Esta Pol\u00edtica de Privacidade ser\u00e1 regida, interpretada e executada de acordo com as Leis da Rep\u00fablica Federativa do Brasil, independente dos conflitos dessas leis com leis de outros estados ou pa\u00edses, sendo competente o foro de local de resid\u00eancia do usu\u00e1rio para dirimir qualquer d\u00favida decorrente deste instrumento.<\/p>\n<p>O usu\u00e1rio consente, expressamente, com as regras e compet\u00eancia deste ju\u00edzo, e ren\u00fancia, este ato, \u00e0 compet\u00eancia de qualquer outro foro.<\/p>\n<p>\u00daltima atualiza\u00e7\u00e3o: abril de 2022.<\/p>\n","protected":false},"excerpt":{"rendered":"<p>A Pol\u00edtica de Privacidade da REAL PET PAX foi feita para afirmar o compromisso com a privacidade dos dados e das informa\u00e7\u00f5es dos usu\u00e1rios do site<span class=\"excerpt-hellip\"> [\u2026]<\/span><\/p>\n","protected":false},"author":1,"featured_media":0,"parent":0,"menu_order":0,"comment_status":"closed","ping_status":"closed","template":"","meta":{"footnotes":""},"class_list":["post-36714","page","type-page","status-publish","hentry"],"_links":{"self":[{"href":"https:\/\/www.realpetpax.com.br\/site\/index.php\/wp-json\/wp\/v2\/pages\/36714","targetHints":{"allow":["GET"]}}],"collection":[{"href":"https:\/\/www.realpetpax.com.br\/site\/index.php\/wp-json\/wp\/v2\/pages"}],"about":[{"href":"https:\/\/www.realpetpax.com.br\/site\/index.php\/wp-json\/wp\/v2\/types\/page"}],"author":[{"embeddable":true,"href":"https:\/\/www.realpetpax.com.br\/site\/index.php\/wp-json\/wp\/v2\/users\/1"}],"replies":[{"embeddable":true,"href":"https:\/\/www.realpetpax.com.br\/site\/index.php\/wp-json\/wp\/v2\/comments?post=36714"}],"version-history":[{"count":1,"href":"https:\/\/www.realpetpax.com.br\/site\/index.php\/wp-json\/wp\/v2\/pages\/36714\/revisions"}],"predecessor-version":[{"id":36715,"href":"https:\/\/www.realpetpax.com.br\/site\/index.php\/wp-json\/wp\/v2\/pages\/36714\/revisions\/36715"}],"wp:attachment":[{"href":"https:\/\/www.realpetpax.com.br\/site\/index.php\/wp-json\/wp\/v2\/media?parent=36714"}],"curies":[{"name":"wp","href":"https:\/\/api.w.org\/{rel}","templated":true}]}}